{"id":490,"date":"2025-04-28T10:05:46","date_gmt":"2025-04-28T08:05:46","guid":{"rendered":"https:\/\/io2s.fr\/formations\/?page_id=490"},"modified":"2025-05-23T08:21:30","modified_gmt":"2025-05-23T06:21:30","slug":"certification-des-formations","status":"publish","type":"page","link":"https:\/\/io2s.fr\/formations\/certification-des-formations\/","title":{"rendered":"Certification des formations"},"content":{"rendered":"\t\t<div data-elementor-type=\"wp-page\" data-elementor-id=\"490\" class=\"elementor elementor-490\">\n\t\t\t\t<div class=\"elementor-element elementor-element-a193d79 e-flex e-con-boxed e-con e-parent\" data-id=\"a193d79\" data-element_type=\"container\" data-e-type=\"container\">\n\t\t\t\t\t<div class=\"e-con-inner\">\n\t\t<div class=\"elementor-element elementor-element-5ad8eb1 e-con-full e-flex e-con e-child\" data-id=\"5ad8eb1\" data-element_type=\"container\" data-e-type=\"container\">\n\t\t\t\t<div class=\"elementor-element elementor-element-3bfb024 elementor-widget elementor-widget-text-editor\" data-id=\"3bfb024\" data-element_type=\"widget\" data-e-type=\"widget\" data-widget_type=\"text-editor.default\">\n\t\t\t\t<div class=\"elementor-widget-container\">\n\t\t\t\t\t\t\t\t\t<p>Les offres propos\u00e9es par Autonomia permettent \u00e0 ses port\u00e9s et \u00e0 leurs clients de b\u00e9n\u00e9ficier de <a href=\"https:\/\/www.autonomia-france.com\/pageannexe-28-centre-de-formation-professionnelle.html\">la structure de centre de formation professionnelle<\/a> et des certifications acquises.<\/p>\t\t\t\t\t\t\t\t<\/div>\n\t\t\t\t<\/div>\n\t\t\t\t<div class=\"elementor-element elementor-element-15f0720 elementor-widget elementor-widget-text-editor\" data-id=\"15f0720\" data-element_type=\"widget\" data-e-type=\"widget\" data-widget_type=\"text-editor.default\">\n\t\t\t\t<div class=\"elementor-widget-container\">\n\t\t\t\t\t\t\t\t\t<p>Le centre de formation AUTONOMIA est certifi\u00e9 QUALIOPI<\/p>\t\t\t\t\t\t\t\t<\/div>\n\t\t\t\t<\/div>\n\t\t\t\t<\/div>\n\t\t<div class=\"elementor-element elementor-element-e32156d e-con-full e-flex e-con e-child\" data-id=\"e32156d\" data-element_type=\"container\" data-e-type=\"container\">\n\t\t\t\t<div class=\"elementor-element elementor-element-0691471 elementor-widget elementor-widget-text-editor\" data-id=\"0691471\" data-element_type=\"widget\" data-e-type=\"widget\" data-widget_type=\"text-editor.default\">\n\t\t\t\t<div class=\"elementor-widget-container\">\n\t\t\t\t\t\t\t\t\t<p>Autonomia Portage g\u00e8re les dossiers de prises en charge selon les clients(particuliers, entreprises, OPCO et administrations publiques) ainsi que tous les documents n\u00e9cessaires comme la convention, le plan de formation, la convocation, le livret d&rsquo;accueil, la feuille d&rsquo;\u00e9margement et bien d&rsquo;autres documents compl\u00e9mentaires.<\/p>\t\t\t\t\t\t\t\t<\/div>\n\t\t\t\t<\/div>\n\t\t\t\t<\/div>\n\t\t\t\t\t<\/div>\n\t\t\t\t<\/div>\n\t\t\t\t<\/div>\n\t\t","protected":false},"excerpt":{"rendered":"<p>Les offres propos\u00e9es par Autonomia permettent \u00e0 ses port\u00e9s et \u00e0 leurs clients de b\u00e9n\u00e9ficier de la structure de centre de formation professionnelle et des certifications acquises. Le centre de formation AUTONOMIA est certifi\u00e9 QUALIOPI Autonomia Portage g\u00e8re les dossiers de prises en charge selon les clients(particuliers, entreprises, OPCO et administrations publiques) ainsi que tous&hellip; <br \/> <a class=\"read-more\" href=\"https:\/\/io2s.fr\/formations\/certification-des-formations\/\">Lire la suite<\/a><\/p>\n","protected":false},"author":1,"featured_media":0,"parent":0,"menu_order":0,"comment_status":"closed","ping_status":"closed","template":"","meta":{"footnotes":""},"class_list":["post-490","page","type-page","status-publish","hentry"],"yoast_head":"<!-- This site is optimized with the Yoast SEO plugin v27.4 - https:\/\/yoast.com\/product\/yoast-seo-wordpress\/ -->\n<title>Certification des formations - Luc Bouchard<\/title>\n<meta name=\"robots\" content=\"index, follow, max-snippet:-1, max-image-preview:large, max-video-preview:-1\" \/>\n<link rel=\"canonical\" href=\"https:\/\/io2s.fr\/formations\/certification-des-formations\/\" \/>\n<meta property=\"og:locale\" content=\"fr_FR\" \/>\n<meta property=\"og:type\" content=\"article\" \/>\n<meta property=\"og:title\" content=\"Certification des formations - Luc Bouchard\" \/>\n<meta property=\"og:description\" content=\"Les offres propos\u00e9es par Autonomia permettent \u00e0 ses port\u00e9s et \u00e0 leurs clients de b\u00e9n\u00e9ficier de la structure de centre de formation professionnelle et des certifications acquises. Le centre de formation AUTONOMIA est certifi\u00e9 QUALIOPI Autonomia Portage g\u00e8re les dossiers de prises en charge selon les clients(particuliers, entreprises, OPCO et administrations publiques) ainsi que tous&hellip; Lire la suite\" \/>\n<meta property=\"og:url\" content=\"https:\/\/io2s.fr\/formations\/certification-des-formations\/\" \/>\n<meta property=\"og:site_name\" content=\"Luc Bouchard\" \/>\n<meta property=\"article:modified_time\" content=\"2025-05-23T06:21:30+00:00\" \/>\n<meta property=\"og:image\" content=\"https:\/\/io2s.fr\/formations\/wp-content\/uploads\/2025\/09\/illus-io2s.png\" \/>\n\t<meta property=\"og:image:width\" content=\"1123\" \/>\n\t<meta property=\"og:image:height\" content=\"794\" \/>\n\t<meta property=\"og:image:type\" content=\"image\/png\" \/>\n<meta name=\"twitter:card\" content=\"summary_large_image\" \/>\n<script type=\"application\/ld+json\" class=\"yoast-schema-graph\">{\"@context\":\"https:\\\/\\\/schema.org\",\"@graph\":[{\"@type\":[\"WebPage\",\"CheckoutPage\"],\"@id\":\"https:\\\/\\\/io2s.fr\\\/formations\\\/certification-des-formations\\\/\",\"url\":\"https:\\\/\\\/io2s.fr\\\/formations\\\/certification-des-formations\\\/\",\"name\":\"Certification des formations - Luc Bouchard\",\"isPartOf\":{\"@id\":\"https:\\\/\\\/io2s.fr\\\/formations\\\/#website\"},\"datePublished\":\"2025-04-28T08:05:46+00:00\",\"dateModified\":\"2025-05-23T06:21:30+00:00\",\"breadcrumb\":{\"@id\":\"https:\\\/\\\/io2s.fr\\\/formations\\\/certification-des-formations\\\/#breadcrumb\"},\"inLanguage\":\"fr-FR\",\"potentialAction\":[{\"@type\":\"ReadAction\",\"target\":[\"https:\\\/\\\/io2s.fr\\\/formations\\\/certification-des-formations\\\/\"]}]},{\"@type\":\"BreadcrumbList\",\"@id\":\"https:\\\/\\\/io2s.fr\\\/formations\\\/certification-des-formations\\\/#breadcrumb\",\"itemListElement\":[{\"@type\":\"ListItem\",\"position\":1,\"name\":\"Accueil\",\"item\":\"https:\\\/\\\/io2s.fr\\\/formations\\\/\"},{\"@type\":\"ListItem\",\"position\":2,\"name\":\"Certification des formations\"}]},{\"@type\":\"WebSite\",\"@id\":\"https:\\\/\\\/io2s.fr\\\/formations\\\/#website\",\"url\":\"https:\\\/\\\/io2s.fr\\\/formations\\\/\",\"name\":\"Luc Bouchard\",\"description\":\"Cr\u00e9ation de formations sur mesure\",\"publisher\":{\"@id\":\"https:\\\/\\\/io2s.fr\\\/formations\\\/#\\\/schema\\\/person\\\/1bd28d81a4cabb2a8b6db2238489c5c0\"},\"alternateName\":\"io2s.fr\",\"potentialAction\":[{\"@type\":\"SearchAction\",\"target\":{\"@type\":\"EntryPoint\",\"urlTemplate\":\"https:\\\/\\\/io2s.fr\\\/formations\\\/?s={search_term_string}\"},\"query-input\":{\"@type\":\"PropertyValueSpecification\",\"valueRequired\":true,\"valueName\":\"search_term_string\"}}],\"inLanguage\":\"fr-FR\"},{\"@type\":[\"Person\",\"Organization\"],\"@id\":\"https:\\\/\\\/io2s.fr\\\/formations\\\/#\\\/schema\\\/person\\\/1bd28d81a4cabb2a8b6db2238489c5c0\",\"name\":\"Luc Bouchard\",\"image\":{\"@type\":\"ImageObject\",\"inLanguage\":\"fr-FR\",\"@id\":\"https:\\\/\\\/io2s.fr\\\/formations\\\/wp-content\\\/uploads\\\/2025\\\/04\\\/LucBouchard-2-280x300-1.png\",\"url\":\"https:\\\/\\\/io2s.fr\\\/formations\\\/wp-content\\\/uploads\\\/2025\\\/04\\\/LucBouchard-2-280x300-1.png\",\"contentUrl\":\"https:\\\/\\\/io2s.fr\\\/formations\\\/wp-content\\\/uploads\\\/2025\\\/04\\\/LucBouchard-2-280x300-1.png\",\"width\":280,\"height\":300,\"caption\":\"Luc Bouchard\"},\"logo\":{\"@id\":\"https:\\\/\\\/io2s.fr\\\/formations\\\/wp-content\\\/uploads\\\/2025\\\/04\\\/LucBouchard-2-280x300-1.png\"},\"sameAs\":[\"https:\\\/\\\/io2s.fr\\\/formations\",\"www.linkedin.com\\\/in\\\/luc-bouchard-387567104\"]}]}<\/script>\n<!-- \/ Yoast SEO plugin. -->","yoast_head_json":{"title":"Certification des formations - Luc Bouchard","robots":{"index":"index","follow":"follow","max-snippet":"max-snippet:-1","max-image-preview":"max-image-preview:large","max-video-preview":"max-video-preview:-1"},"canonical":"https:\/\/io2s.fr\/formations\/certification-des-formations\/","og_locale":"fr_FR","og_type":"article","og_title":"Certification des formations - Luc Bouchard","og_description":"Les offres propos\u00e9es par Autonomia permettent \u00e0 ses port\u00e9s et \u00e0 leurs clients de b\u00e9n\u00e9ficier de la structure de centre de formation professionnelle et des certifications acquises. Le centre de formation AUTONOMIA est certifi\u00e9 QUALIOPI Autonomia Portage g\u00e8re les dossiers de prises en charge selon les clients(particuliers, entreprises, OPCO et administrations publiques) ainsi que tous&hellip; Lire la suite","og_url":"https:\/\/io2s.fr\/formations\/certification-des-formations\/","og_site_name":"Luc Bouchard","article_modified_time":"2025-05-23T06:21:30+00:00","og_image":[{"width":1123,"height":794,"url":"https:\/\/io2s.fr\/formations\/wp-content\/uploads\/2025\/09\/illus-io2s.png","type":"image\/png"}],"twitter_card":"summary_large_image","schema":{"@context":"https:\/\/schema.org","@graph":[{"@type":["WebPage","CheckoutPage"],"@id":"https:\/\/io2s.fr\/formations\/certification-des-formations\/","url":"https:\/\/io2s.fr\/formations\/certification-des-formations\/","name":"Certification des formations - Luc Bouchard","isPartOf":{"@id":"https:\/\/io2s.fr\/formations\/#website"},"datePublished":"2025-04-28T08:05:46+00:00","dateModified":"2025-05-23T06:21:30+00:00","breadcrumb":{"@id":"https:\/\/io2s.fr\/formations\/certification-des-formations\/#breadcrumb"},"inLanguage":"fr-FR","potentialAction":[{"@type":"ReadAction","target":["https:\/\/io2s.fr\/formations\/certification-des-formations\/"]}]},{"@type":"BreadcrumbList","@id":"https:\/\/io2s.fr\/formations\/certification-des-formations\/#breadcrumb","itemListElement":[{"@type":"ListItem","position":1,"name":"Accueil","item":"https:\/\/io2s.fr\/formations\/"},{"@type":"ListItem","position":2,"name":"Certification des formations"}]},{"@type":"WebSite","@id":"https:\/\/io2s.fr\/formations\/#website","url":"https:\/\/io2s.fr\/formations\/","name":"Luc Bouchard","description":"Cr\u00e9ation de formations sur mesure","publisher":{"@id":"https:\/\/io2s.fr\/formations\/#\/schema\/person\/1bd28d81a4cabb2a8b6db2238489c5c0"},"alternateName":"io2s.fr","potentialAction":[{"@type":"SearchAction","target":{"@type":"EntryPoint","urlTemplate":"https:\/\/io2s.fr\/formations\/?s={search_term_string}"},"query-input":{"@type":"PropertyValueSpecification","valueRequired":true,"valueName":"search_term_string"}}],"inLanguage":"fr-FR"},{"@type":["Person","Organization"],"@id":"https:\/\/io2s.fr\/formations\/#\/schema\/person\/1bd28d81a4cabb2a8b6db2238489c5c0","name":"Luc Bouchard","image":{"@type":"ImageObject","inLanguage":"fr-FR","@id":"https:\/\/io2s.fr\/formations\/wp-content\/uploads\/2025\/04\/LucBouchard-2-280x300-1.png","url":"https:\/\/io2s.fr\/formations\/wp-content\/uploads\/2025\/04\/LucBouchard-2-280x300-1.png","contentUrl":"https:\/\/io2s.fr\/formations\/wp-content\/uploads\/2025\/04\/LucBouchard-2-280x300-1.png","width":280,"height":300,"caption":"Luc Bouchard"},"logo":{"@id":"https:\/\/io2s.fr\/formations\/wp-content\/uploads\/2025\/04\/LucBouchard-2-280x300-1.png"},"sameAs":["https:\/\/io2s.fr\/formations","www.linkedin.com\/in\/luc-bouchard-387567104"]}]}},"_links":{"self":[{"href":"https:\/\/io2s.fr\/formations\/wp-json\/wp\/v2\/pages\/490","targetHints":{"allow":["GET"]}}],"collection":[{"href":"https:\/\/io2s.fr\/formations\/wp-json\/wp\/v2\/pages"}],"about":[{"href":"https:\/\/io2s.fr\/formations\/wp-json\/wp\/v2\/types\/page"}],"author":[{"embeddable":true,"href":"https:\/\/io2s.fr\/formations\/wp-json\/wp\/v2\/users\/1"}],"replies":[{"embeddable":true,"href":"https:\/\/io2s.fr\/formations\/wp-json\/wp\/v2\/comments?post=490"}],"version-history":[{"count":7,"href":"https:\/\/io2s.fr\/formations\/wp-json\/wp\/v2\/pages\/490\/revisions"}],"predecessor-version":[{"id":798,"href":"https:\/\/io2s.fr\/formations\/wp-json\/wp\/v2\/pages\/490\/revisions\/798"}],"wp:attachment":[{"href":"https:\/\/io2s.fr\/formations\/wp-json\/wp\/v2\/media?parent=490"}],"curies":[{"name":"wp","href":"https:\/\/api.w.org\/{rel}","templated":true}]}}