{"id":472,"date":"2025-04-24T08:34:54","date_gmt":"2025-04-24T06:34:54","guid":{"rendered":"https:\/\/io2s.fr\/formations\/?page_id=472"},"modified":"2025-04-24T14:03:35","modified_gmt":"2025-04-24T12:03:35","slug":"fonctionnement-du-portage-entrepreneurial","status":"publish","type":"page","link":"https:\/\/io2s.fr\/formations\/fonctionnement-du-portage-entrepreneurial\/","title":{"rendered":"Fonctionnement du portage entrepreneurial"},"content":{"rendered":"\t\t<div data-elementor-type=\"wp-page\" data-elementor-id=\"472\" class=\"elementor elementor-472\">\n\t\t\t\t<div class=\"elementor-element elementor-element-92df4cb e-flex e-con-boxed e-con e-parent\" data-id=\"92df4cb\" data-element_type=\"container\" data-e-type=\"container\">\n\t\t\t\t\t<div class=\"e-con-inner\">\n\t\t\t\t<div class=\"elementor-element elementor-element-7ce9af9 elementor-widget elementor-widget-heading\" data-id=\"7ce9af9\" data-element_type=\"widget\" data-e-type=\"widget\" data-widget_type=\"heading.default\">\n\t\t\t\t<div class=\"elementor-widget-container\">\n\t\t\t\t\t<h3 class=\"elementor-heading-title elementor-size-default\">Relations entre le client, le prestataire et la soci\u00e9t\u00e9 de portage<\/h3>\t\t\t\t<\/div>\n\t\t\t\t<\/div>\n\t\t\t\t\t<\/div>\n\t\t\t\t<\/div>\n\t\t<div class=\"elementor-element elementor-element-6cd03c2 e-flex e-con-boxed e-con e-parent\" data-id=\"6cd03c2\" data-element_type=\"container\" data-e-type=\"container\">\n\t\t\t\t\t<div class=\"e-con-inner\">\n\t\t<div class=\"elementor-element elementor-element-94d1aea e-con-full e-flex e-con e-child\" data-id=\"94d1aea\" data-element_type=\"container\" data-e-type=\"container\">\n\t\t\t\t<div class=\"elementor-element elementor-element-050db09 elementor-widget elementor-widget-image\" data-id=\"050db09\" data-element_type=\"widget\" data-e-type=\"widget\" data-widget_type=\"image.default\">\n\t\t\t\t<div class=\"elementor-widget-container\">\n\t\t\t\t\t\t\t\t\t\t\t\t\t\t\t<img fetchpriority=\"high\" decoding=\"async\" width=\"888\" height=\"504\" src=\"https:\/\/io2s.fr\/formations\/wp-content\/uploads\/2025\/04\/Portage-Entrepreneurial.png\" class=\"attachment-large size-large wp-image-471\" alt=\"\" srcset=\"https:\/\/io2s.fr\/formations\/wp-content\/uploads\/2025\/04\/Portage-Entrepreneurial.png 888w, https:\/\/io2s.fr\/formations\/wp-content\/uploads\/2025\/04\/Portage-Entrepreneurial-300x170.png 300w, https:\/\/io2s.fr\/formations\/wp-content\/uploads\/2025\/04\/Portage-Entrepreneurial-768x436.png 768w\" sizes=\"(max-width: 888px) 100vw, 888px\" \/>\t\t\t\t\t\t\t\t\t\t\t\t\t\t\t<\/div>\n\t\t\t\t<\/div>\n\t\t\t\t<\/div>\n\t\t<div class=\"elementor-element elementor-element-3ca85ad e-con-full e-flex e-con e-child\" data-id=\"3ca85ad\" data-element_type=\"container\" data-e-type=\"container\">\n\t\t\t\t<\/div>\n\t\t<div class=\"elementor-element elementor-element-ced4228 e-con-full e-flex e-con e-child\" data-id=\"ced4228\" data-element_type=\"container\" data-e-type=\"container\">\n\t\t\t\t<div class=\"elementor-element elementor-element-f5a4be5 elementor-widget elementor-widget-text-editor\" data-id=\"f5a4be5\" data-element_type=\"widget\" data-e-type=\"widget\" data-widget_type=\"text-editor.default\">\n\t\t\t\t<div class=\"elementor-widget-container\">\n\t\t\t\t\t\t\t\t\t<p>L\u2019ind\u00e9pendant port\u00e9 prospecte et n\u00e9gocie directement avec le client les modalit\u00e9s de la prestation \u00e0 effectuer (nature, dur\u00e9e, prix, r\u00e8glement,&#8230;).<\/p><p>Apr\u00e8s signature du contrat de mission, le port\u00e9 effectue la prestation et envoi \u00e0 AUTONOMIA les \u00e9l\u00e9ments pour \u00e9tablir la facture.<\/p><p>AUTONOMIA facture au client les honoraires correspondants \u00e0 la prestation du port\u00e9 et g\u00e8re le recouvrement.<\/p><p><i>Extrait : <strong>Autonomia<\/strong><\/i><\/p>\t\t\t\t\t\t\t\t<\/div>\n\t\t\t\t<\/div>\n\t\t\t\t<\/div>\n\t\t\t\t\t<\/div>\n\t\t\t\t<\/div>\n\t\t\t\t<\/div>\n\t\t","protected":false},"excerpt":{"rendered":"<p>Relations entre le client, le prestataire et la soci\u00e9t\u00e9 de portage L\u2019ind\u00e9pendant port\u00e9 prospecte et n\u00e9gocie directement avec le client les modalit\u00e9s de la prestation \u00e0 effectuer (nature, dur\u00e9e, prix, r\u00e8glement,&#8230;). Apr\u00e8s signature du contrat de mission, le port\u00e9 effectue la prestation et envoi \u00e0 AUTONOMIA les \u00e9l\u00e9ments pour \u00e9tablir la facture. AUTONOMIA facture au&hellip; <br \/> <a class=\"read-more\" href=\"https:\/\/io2s.fr\/formations\/fonctionnement-du-portage-entrepreneurial\/\">Lire la suite<\/a><\/p>\n","protected":false},"author":1,"featured_media":0,"parent":0,"menu_order":0,"comment_status":"closed","ping_status":"closed","template":"","meta":{"footnotes":""},"class_list":["post-472","page","type-page","status-publish","hentry"],"yoast_head":"<!-- This site is optimized with the Yoast SEO plugin v27.4 - https:\/\/yoast.com\/product\/yoast-seo-wordpress\/ -->\n<title>Fonctionnement du portage entrepreneurial - Luc Bouchard<\/title>\n<meta name=\"robots\" content=\"index, follow, max-snippet:-1, max-image-preview:large, max-video-preview:-1\" \/>\n<link rel=\"canonical\" href=\"https:\/\/io2s.fr\/formations\/fonctionnement-du-portage-entrepreneurial\/\" \/>\n<meta property=\"og:locale\" content=\"fr_FR\" \/>\n<meta property=\"og:type\" content=\"article\" \/>\n<meta property=\"og:title\" content=\"Fonctionnement du portage entrepreneurial - Luc Bouchard\" \/>\n<meta property=\"og:description\" content=\"Relations entre le client, le prestataire et la soci\u00e9t\u00e9 de portage L\u2019ind\u00e9pendant port\u00e9 prospecte et n\u00e9gocie directement avec le client les modalit\u00e9s de la prestation \u00e0 effectuer (nature, dur\u00e9e, prix, r\u00e8glement,&#8230;). Apr\u00e8s signature du contrat de mission, le port\u00e9 effectue la prestation et envoi \u00e0 AUTONOMIA les \u00e9l\u00e9ments pour \u00e9tablir la facture. AUTONOMIA facture au&hellip; Lire la suite\" \/>\n<meta property=\"og:url\" content=\"https:\/\/io2s.fr\/formations\/fonctionnement-du-portage-entrepreneurial\/\" \/>\n<meta property=\"og:site_name\" content=\"Luc Bouchard\" \/>\n<meta property=\"article:modified_time\" content=\"2025-04-24T12:03:35+00:00\" \/>\n<meta property=\"og:image\" content=\"https:\/\/io2s.fr\/formations\/wp-content\/uploads\/2025\/04\/Portage-Entrepreneurial.png\" \/>\n\t<meta property=\"og:image:width\" content=\"888\" \/>\n\t<meta property=\"og:image:height\" content=\"504\" \/>\n\t<meta property=\"og:image:type\" content=\"image\/png\" \/>\n<meta name=\"twitter:card\" content=\"summary_large_image\" \/>\n<script type=\"application\/ld+json\" class=\"yoast-schema-graph\">{\"@context\":\"https:\\\/\\\/schema.org\",\"@graph\":[{\"@type\":[\"WebPage\",\"CheckoutPage\"],\"@id\":\"https:\\\/\\\/io2s.fr\\\/formations\\\/fonctionnement-du-portage-entrepreneurial\\\/\",\"url\":\"https:\\\/\\\/io2s.fr\\\/formations\\\/fonctionnement-du-portage-entrepreneurial\\\/\",\"name\":\"Fonctionnement du portage entrepreneurial - Luc Bouchard\",\"isPartOf\":{\"@id\":\"https:\\\/\\\/io2s.fr\\\/formations\\\/#website\"},\"primaryImageOfPage\":{\"@id\":\"https:\\\/\\\/io2s.fr\\\/formations\\\/fonctionnement-du-portage-entrepreneurial\\\/#primaryimage\"},\"image\":{\"@id\":\"https:\\\/\\\/io2s.fr\\\/formations\\\/fonctionnement-du-portage-entrepreneurial\\\/#primaryimage\"},\"thumbnailUrl\":\"https:\\\/\\\/io2s.fr\\\/formations\\\/wp-content\\\/uploads\\\/2025\\\/04\\\/Portage-Entrepreneurial.png\",\"datePublished\":\"2025-04-24T06:34:54+00:00\",\"dateModified\":\"2025-04-24T12:03:35+00:00\",\"breadcrumb\":{\"@id\":\"https:\\\/\\\/io2s.fr\\\/formations\\\/fonctionnement-du-portage-entrepreneurial\\\/#breadcrumb\"},\"inLanguage\":\"fr-FR\",\"potentialAction\":[{\"@type\":\"ReadAction\",\"target\":[\"https:\\\/\\\/io2s.fr\\\/formations\\\/fonctionnement-du-portage-entrepreneurial\\\/\"]}]},{\"@type\":\"ImageObject\",\"inLanguage\":\"fr-FR\",\"@id\":\"https:\\\/\\\/io2s.fr\\\/formations\\\/fonctionnement-du-portage-entrepreneurial\\\/#primaryimage\",\"url\":\"https:\\\/\\\/io2s.fr\\\/formations\\\/wp-content\\\/uploads\\\/2025\\\/04\\\/Portage-Entrepreneurial.png\",\"contentUrl\":\"https:\\\/\\\/io2s.fr\\\/formations\\\/wp-content\\\/uploads\\\/2025\\\/04\\\/Portage-Entrepreneurial.png\",\"width\":888,\"height\":504},{\"@type\":\"BreadcrumbList\",\"@id\":\"https:\\\/\\\/io2s.fr\\\/formations\\\/fonctionnement-du-portage-entrepreneurial\\\/#breadcrumb\",\"itemListElement\":[{\"@type\":\"ListItem\",\"position\":1,\"name\":\"Accueil\",\"item\":\"https:\\\/\\\/io2s.fr\\\/formations\\\/\"},{\"@type\":\"ListItem\",\"position\":2,\"name\":\"Fonctionnement du portage entrepreneurial\"}]},{\"@type\":\"WebSite\",\"@id\":\"https:\\\/\\\/io2s.fr\\\/formations\\\/#website\",\"url\":\"https:\\\/\\\/io2s.fr\\\/formations\\\/\",\"name\":\"Luc Bouchard\",\"description\":\"Cr\u00e9ation de formations sur mesure\",\"publisher\":{\"@id\":\"https:\\\/\\\/io2s.fr\\\/formations\\\/#\\\/schema\\\/person\\\/1bd28d81a4cabb2a8b6db2238489c5c0\"},\"alternateName\":\"io2s.fr\",\"potentialAction\":[{\"@type\":\"SearchAction\",\"target\":{\"@type\":\"EntryPoint\",\"urlTemplate\":\"https:\\\/\\\/io2s.fr\\\/formations\\\/?s={search_term_string}\"},\"query-input\":{\"@type\":\"PropertyValueSpecification\",\"valueRequired\":true,\"valueName\":\"search_term_string\"}}],\"inLanguage\":\"fr-FR\"},{\"@type\":[\"Person\",\"Organization\"],\"@id\":\"https:\\\/\\\/io2s.fr\\\/formations\\\/#\\\/schema\\\/person\\\/1bd28d81a4cabb2a8b6db2238489c5c0\",\"name\":\"Luc Bouchard\",\"image\":{\"@type\":\"ImageObject\",\"inLanguage\":\"fr-FR\",\"@id\":\"https:\\\/\\\/io2s.fr\\\/formations\\\/wp-content\\\/uploads\\\/2025\\\/04\\\/LucBouchard-2-280x300-1.png\",\"url\":\"https:\\\/\\\/io2s.fr\\\/formations\\\/wp-content\\\/uploads\\\/2025\\\/04\\\/LucBouchard-2-280x300-1.png\",\"contentUrl\":\"https:\\\/\\\/io2s.fr\\\/formations\\\/wp-content\\\/uploads\\\/2025\\\/04\\\/LucBouchard-2-280x300-1.png\",\"width\":280,\"height\":300,\"caption\":\"Luc Bouchard\"},\"logo\":{\"@id\":\"https:\\\/\\\/io2s.fr\\\/formations\\\/wp-content\\\/uploads\\\/2025\\\/04\\\/LucBouchard-2-280x300-1.png\"},\"sameAs\":[\"https:\\\/\\\/io2s.fr\\\/formations\",\"www.linkedin.com\\\/in\\\/luc-bouchard-387567104\"]}]}<\/script>\n<!-- \/ Yoast SEO plugin. -->","yoast_head_json":{"title":"Fonctionnement du portage entrepreneurial - Luc Bouchard","robots":{"index":"index","follow":"follow","max-snippet":"max-snippet:-1","max-image-preview":"max-image-preview:large","max-video-preview":"max-video-preview:-1"},"canonical":"https:\/\/io2s.fr\/formations\/fonctionnement-du-portage-entrepreneurial\/","og_locale":"fr_FR","og_type":"article","og_title":"Fonctionnement du portage entrepreneurial - Luc Bouchard","og_description":"Relations entre le client, le prestataire et la soci\u00e9t\u00e9 de portage L\u2019ind\u00e9pendant port\u00e9 prospecte et n\u00e9gocie directement avec le client les modalit\u00e9s de la prestation \u00e0 effectuer (nature, dur\u00e9e, prix, r\u00e8glement,&#8230;). Apr\u00e8s signature du contrat de mission, le port\u00e9 effectue la prestation et envoi \u00e0 AUTONOMIA les \u00e9l\u00e9ments pour \u00e9tablir la facture. AUTONOMIA facture au&hellip; Lire la suite","og_url":"https:\/\/io2s.fr\/formations\/fonctionnement-du-portage-entrepreneurial\/","og_site_name":"Luc Bouchard","article_modified_time":"2025-04-24T12:03:35+00:00","og_image":[{"width":888,"height":504,"url":"https:\/\/io2s.fr\/formations\/wp-content\/uploads\/2025\/04\/Portage-Entrepreneurial.png","type":"image\/png"}],"twitter_card":"summary_large_image","schema":{"@context":"https:\/\/schema.org","@graph":[{"@type":["WebPage","CheckoutPage"],"@id":"https:\/\/io2s.fr\/formations\/fonctionnement-du-portage-entrepreneurial\/","url":"https:\/\/io2s.fr\/formations\/fonctionnement-du-portage-entrepreneurial\/","name":"Fonctionnement du portage entrepreneurial - Luc Bouchard","isPartOf":{"@id":"https:\/\/io2s.fr\/formations\/#website"},"primaryImageOfPage":{"@id":"https:\/\/io2s.fr\/formations\/fonctionnement-du-portage-entrepreneurial\/#primaryimage"},"image":{"@id":"https:\/\/io2s.fr\/formations\/fonctionnement-du-portage-entrepreneurial\/#primaryimage"},"thumbnailUrl":"https:\/\/io2s.fr\/formations\/wp-content\/uploads\/2025\/04\/Portage-Entrepreneurial.png","datePublished":"2025-04-24T06:34:54+00:00","dateModified":"2025-04-24T12:03:35+00:00","breadcrumb":{"@id":"https:\/\/io2s.fr\/formations\/fonctionnement-du-portage-entrepreneurial\/#breadcrumb"},"inLanguage":"fr-FR","potentialAction":[{"@type":"ReadAction","target":["https:\/\/io2s.fr\/formations\/fonctionnement-du-portage-entrepreneurial\/"]}]},{"@type":"ImageObject","inLanguage":"fr-FR","@id":"https:\/\/io2s.fr\/formations\/fonctionnement-du-portage-entrepreneurial\/#primaryimage","url":"https:\/\/io2s.fr\/formations\/wp-content\/uploads\/2025\/04\/Portage-Entrepreneurial.png","contentUrl":"https:\/\/io2s.fr\/formations\/wp-content\/uploads\/2025\/04\/Portage-Entrepreneurial.png","width":888,"height":504},{"@type":"BreadcrumbList","@id":"https:\/\/io2s.fr\/formations\/fonctionnement-du-portage-entrepreneurial\/#breadcrumb","itemListElement":[{"@type":"ListItem","position":1,"name":"Accueil","item":"https:\/\/io2s.fr\/formations\/"},{"@type":"ListItem","position":2,"name":"Fonctionnement du portage entrepreneurial"}]},{"@type":"WebSite","@id":"https:\/\/io2s.fr\/formations\/#website","url":"https:\/\/io2s.fr\/formations\/","name":"Luc Bouchard","description":"Cr\u00e9ation de formations sur mesure","publisher":{"@id":"https:\/\/io2s.fr\/formations\/#\/schema\/person\/1bd28d81a4cabb2a8b6db2238489c5c0"},"alternateName":"io2s.fr","potentialAction":[{"@type":"SearchAction","target":{"@type":"EntryPoint","urlTemplate":"https:\/\/io2s.fr\/formations\/?s={search_term_string}"},"query-input":{"@type":"PropertyValueSpecification","valueRequired":true,"valueName":"search_term_string"}}],"inLanguage":"fr-FR"},{"@type":["Person","Organization"],"@id":"https:\/\/io2s.fr\/formations\/#\/schema\/person\/1bd28d81a4cabb2a8b6db2238489c5c0","name":"Luc Bouchard","image":{"@type":"ImageObject","inLanguage":"fr-FR","@id":"https:\/\/io2s.fr\/formations\/wp-content\/uploads\/2025\/04\/LucBouchard-2-280x300-1.png","url":"https:\/\/io2s.fr\/formations\/wp-content\/uploads\/2025\/04\/LucBouchard-2-280x300-1.png","contentUrl":"https:\/\/io2s.fr\/formations\/wp-content\/uploads\/2025\/04\/LucBouchard-2-280x300-1.png","width":280,"height":300,"caption":"Luc Bouchard"},"logo":{"@id":"https:\/\/io2s.fr\/formations\/wp-content\/uploads\/2025\/04\/LucBouchard-2-280x300-1.png"},"sameAs":["https:\/\/io2s.fr\/formations","www.linkedin.com\/in\/luc-bouchard-387567104"]}]}},"_links":{"self":[{"href":"https:\/\/io2s.fr\/formations\/wp-json\/wp\/v2\/pages\/472","targetHints":{"allow":["GET"]}}],"collection":[{"href":"https:\/\/io2s.fr\/formations\/wp-json\/wp\/v2\/pages"}],"about":[{"href":"https:\/\/io2s.fr\/formations\/wp-json\/wp\/v2\/types\/page"}],"author":[{"embeddable":true,"href":"https:\/\/io2s.fr\/formations\/wp-json\/wp\/v2\/users\/1"}],"replies":[{"embeddable":true,"href":"https:\/\/io2s.fr\/formations\/wp-json\/wp\/v2\/comments?post=472"}],"version-history":[{"count":8,"href":"https:\/\/io2s.fr\/formations\/wp-json\/wp\/v2\/pages\/472\/revisions"}],"predecessor-version":[{"id":485,"href":"https:\/\/io2s.fr\/formations\/wp-json\/wp\/v2\/pages\/472\/revisions\/485"}],"wp:attachment":[{"href":"https:\/\/io2s.fr\/formations\/wp-json\/wp\/v2\/media?parent=472"}],"curies":[{"name":"wp","href":"https:\/\/api.w.org\/{rel}","templated":true}]}}