{"id":459,"date":"2025-04-23T11:19:07","date_gmt":"2025-04-23T09:19:07","guid":{"rendered":"https:\/\/io2s.fr\/formations\/?page_id=459"},"modified":"2025-04-24T08:25:50","modified_gmt":"2025-04-24T06:25:50","slug":"mentions-legales","status":"publish","type":"page","link":"https:\/\/io2s.fr\/formations\/mentions-legales\/","title":{"rendered":"Mentions l\u00e9gales"},"content":{"rendered":"\t\t<div data-elementor-type=\"wp-page\" data-elementor-id=\"459\" class=\"elementor elementor-459\">\n\t\t\t\t<div class=\"elementor-element elementor-element-aee97d6 e-flex e-con-boxed e-con e-parent\" data-id=\"aee97d6\" data-element_type=\"container\" data-e-type=\"container\">\n\t\t\t\t\t<div class=\"e-con-inner\">\n\t\t<div class=\"elementor-element elementor-element-fe3a960 e-con-full e-flex e-con e-child\" data-id=\"fe3a960\" data-element_type=\"container\" data-e-type=\"container\">\n\t\t\t\t<div class=\"elementor-element elementor-element-b9ab72b elementor-widget elementor-widget-text-editor\" data-id=\"b9ab72b\" data-element_type=\"widget\" data-e-type=\"widget\" data-widget_type=\"text-editor.default\">\n\t\t\t\t<div class=\"elementor-widget-container\">\n\t\t\t\t\t\t\t\t\t<p><span style=\"color: #808080;\"><em><span style=\"text-decoration: underline;\">Prestataire :<\/span> <\/em><\/span><\/p>\t\t\t\t\t\t\t\t<\/div>\n\t\t\t\t<\/div>\n\t\t\t\t<div class=\"elementor-element elementor-element-d68d09a elementor-widget elementor-widget-heading\" data-id=\"d68d09a\" data-element_type=\"widget\" data-e-type=\"widget\" data-widget_type=\"heading.default\">\n\t\t\t\t<div class=\"elementor-widget-container\">\n\t\t\t\t\t<h2 class=\"elementor-heading-title elementor-size-default\">Luc Bouchard<\/h2>\t\t\t\t<\/div>\n\t\t\t\t<\/div>\n\t\t\t\t<div class=\"elementor-element elementor-element-bd9feb3 elementor-widget elementor-widget-text-editor\" data-id=\"bd9feb3\" data-element_type=\"widget\" data-e-type=\"widget\" data-widget_type=\"text-editor.default\">\n\t\t\t\t<div class=\"elementor-widget-container\">\n\t\t\t\t\t\t\t\t\t<p>Mail : <a href=\"mailto:contact@io2s.fr\">contact@io2s.fr<\/a><\/p><p>T\u00e9l\u00e9phone : +33 (0)769 604 509<\/p>\t\t\t\t\t\t\t\t<\/div>\n\t\t\t\t<\/div>\n\t\t\t\t<\/div>\n\t\t<div class=\"elementor-element elementor-element-99e50a0 e-con-full e-flex e-con e-child\" data-id=\"99e50a0\" data-element_type=\"container\" data-e-type=\"container\">\n\t\t\t\t<div class=\"elementor-element elementor-element-85ba85e elementor-widget elementor-widget-text-editor\" data-id=\"85ba85e\" data-element_type=\"widget\" data-e-type=\"widget\" data-widget_type=\"text-editor.default\">\n\t\t\t\t<div class=\"elementor-widget-container\">\n\t\t\t\t\t\t\t\t\t<p><span style=\"color: #808080;\"><em><span style=\"text-decoration: underline;\">Portage Entrepreneurial effectu\u00e9 par :<\/span> <\/em><\/span><\/p>\t\t\t\t\t\t\t\t<\/div>\n\t\t\t\t<\/div>\n\t\t\t\t<div class=\"elementor-element elementor-element-b0328e8 elementor-widget elementor-widget-image\" data-id=\"b0328e8\" data-element_type=\"widget\" data-e-type=\"widget\" data-widget_type=\"image.default\">\n\t\t\t\t<div class=\"elementor-widget-container\">\n\t\t\t\t\t\t\t\t\t\t\t\t\t\t\t<img decoding=\"async\" src=\"https:\/\/io2s.fr\/formations\/wp-content\/uploads\/elementor\/thumbs\/autonomia-r4ruz7bjgb69c3xnkgy0dqg0vjqet5rynx1w2ophfk.png\" title=\"autonomia\" alt=\"autonomia\" loading=\"lazy\" \/>\t\t\t\t\t\t\t\t\t\t\t\t\t\t\t<\/div>\n\t\t\t\t<\/div>\n\t\t\t\t<\/div>\n\t\t<div class=\"elementor-element elementor-element-6339848 e-con-full e-flex e-con e-child\" data-id=\"6339848\" data-element_type=\"container\" data-e-type=\"container\">\n\t\t\t\t<div class=\"elementor-element elementor-element-f7b33c1 elementor-widget elementor-widget-text-editor\" data-id=\"f7b33c1\" data-element_type=\"widget\" data-e-type=\"widget\" data-widget_type=\"text-editor.default\">\n\t\t\t\t<div class=\"elementor-widget-container\">\n\t\t\t\t\t\t\t\t\t<p><strong>AUTONOMIA S.A.S.<\/strong><\/p>\t\t\t\t\t\t\t\t<\/div>\n\t\t\t\t<\/div>\n\t\t\t\t<div class=\"elementor-element elementor-element-3c36c5a elementor-widget elementor-widget-text-editor\" data-id=\"3c36c5a\" data-element_type=\"widget\" data-e-type=\"widget\" data-widget_type=\"text-editor.default\">\n\t\t\t\t<div class=\"elementor-widget-container\">\n\t\t\t\t\t\t\t\t\t<p>18 rue du Commerce<br \/>68400 RIEDISHEIM<\/p>\t\t\t\t\t\t\t\t<\/div>\n\t\t\t\t<\/div>\n\t\t\t\t<div class=\"elementor-element elementor-element-5b1ad8f elementor-widget elementor-widget-text-editor\" data-id=\"5b1ad8f\" data-element_type=\"widget\" data-e-type=\"widget\" data-widget_type=\"text-editor.default\">\n\t\t\t\t<div class=\"elementor-widget-container\">\n\t\t\t\t\t\t\t\t\t<p>SIRET : 515 200 657 00010<\/p>\t\t\t\t\t\t\t\t<\/div>\n\t\t\t\t<\/div>\n\t\t\t\t<\/div>\n\t\t\t\t\t<\/div>\n\t\t\t\t<\/div>\n\t\t<div class=\"elementor-element elementor-element-e19dd54 e-flex e-con-boxed e-con e-parent\" data-id=\"e19dd54\" data-element_type=\"container\" data-e-type=\"container\">\n\t\t\t\t\t<div class=\"e-con-inner\">\n\t\t\t\t<div class=\"elementor-element elementor-element-e72027a elementor-widget elementor-widget-spacer\" data-id=\"e72027a\" data-element_type=\"widget\" data-e-type=\"widget\" data-widget_type=\"spacer.default\">\n\t\t\t\t<div class=\"elementor-widget-container\">\n\t\t\t\t\t\t\t<div class=\"elementor-spacer\">\n\t\t\t<div class=\"elementor-spacer-inner\"><\/div>\n\t\t<\/div>\n\t\t\t\t\t\t<\/div>\n\t\t\t\t<\/div>\n\t\t\t\t\t<\/div>\n\t\t\t\t<\/div>\n\t\t<div class=\"elementor-element elementor-element-0a022f6 e-flex e-con-boxed e-con e-parent\" data-id=\"0a022f6\" data-element_type=\"container\" data-e-type=\"container\">\n\t\t\t\t\t<div class=\"e-con-inner\">\n\t\t<div class=\"elementor-element elementor-element-4c983e2 e-con-full e-flex e-con e-child\" data-id=\"4c983e2\" data-element_type=\"container\" data-e-type=\"container\">\n\t\t\t\t<\/div>\n\t\t<div class=\"elementor-element elementor-element-fbac359 e-con-full e-flex e-con e-child\" data-id=\"fbac359\" data-element_type=\"container\" data-e-type=\"container\">\n\t\t\t\t<div class=\"elementor-element elementor-element-8150c6f elementor-widget elementor-widget-text-editor\" data-id=\"8150c6f\" data-element_type=\"widget\" data-e-type=\"widget\" data-widget_type=\"text-editor.default\">\n\t\t\t\t<div class=\"elementor-widget-container\">\n\t\t\t\t\t\t\t\t\t<p style=\"text-align: justify;\"><span style=\"color: #808080;\"><span style=\"text-decoration: underline;\">Propri\u00e9t\u00e9<em> intellectuelle<\/em><\/span><em> :<\/em><\/span><span style=\"text-decoration: underline;\"><em><br \/><\/em><\/span><\/p><p style=\"text-align: justify; padding-left: 30px;\">Les contenus du site sont une \u0153uvre de cr\u00e9ation de Luc Bouchard et font l&rsquo;objet d&rsquo;une protection par le Code de la propri\u00e9t\u00e9 intellectuelle et plus particuli\u00e8rement par le droit d&rsquo;auteur. L&rsquo;utilisateur sollicite l&rsquo;autorisation pr\u00e9alable de l&rsquo;auteur pour toute reproduction, publication, copie des diff\u00e9rents contenus.<\/p>\t\t\t\t\t\t\t\t<\/div>\n\t\t\t\t<\/div>\n\t\t\t\t<\/div>\n\t\t<div class=\"elementor-element elementor-element-9f970a8 e-con-full e-flex e-con e-child\" data-id=\"9f970a8\" data-element_type=\"container\" data-e-type=\"container\">\n\t\t\t\t<\/div>\n\t\t\t\t\t<\/div>\n\t\t\t\t<\/div>\n\t\t\t\t<\/div>\n\t\t","protected":false},"excerpt":{"rendered":"<p>Prestataire : Luc Bouchard Mail : contact@io2s.fr T\u00e9l\u00e9phone : +33 (0)769 604 509 Portage Entrepreneurial effectu\u00e9 par : AUTONOMIA S.A.S. 18 rue du Commerce68400 RIEDISHEIM SIRET : 515 200 657 00010 Propri\u00e9t\u00e9 intellectuelle : Les contenus du site sont une \u0153uvre de cr\u00e9ation de Luc Bouchard et font l&rsquo;objet d&rsquo;une protection par le Code de&hellip; <br \/> <a class=\"read-more\" href=\"https:\/\/io2s.fr\/formations\/mentions-legales\/\">Lire la suite<\/a><\/p>\n","protected":false},"author":1,"featured_media":0,"parent":0,"menu_order":0,"comment_status":"closed","ping_status":"closed","template":"","meta":{"footnotes":""},"class_list":["post-459","page","type-page","status-publish","hentry"],"yoast_head":"<!-- This site is optimized with the Yoast SEO plugin v27.4 - https:\/\/yoast.com\/product\/yoast-seo-wordpress\/ -->\n<title>Mentions l\u00e9gales - Luc Bouchard<\/title>\n<meta name=\"robots\" content=\"index, follow, max-snippet:-1, max-image-preview:large, max-video-preview:-1\" \/>\n<link rel=\"canonical\" href=\"https:\/\/io2s.fr\/formations\/mentions-legales\/\" \/>\n<meta property=\"og:locale\" content=\"fr_FR\" \/>\n<meta property=\"og:type\" content=\"article\" \/>\n<meta property=\"og:title\" content=\"Mentions l\u00e9gales - Luc Bouchard\" \/>\n<meta property=\"og:description\" content=\"Prestataire : Luc Bouchard Mail : contact@io2s.fr T\u00e9l\u00e9phone : +33 (0)769 604 509 Portage Entrepreneurial effectu\u00e9 par : AUTONOMIA S.A.S. 18 rue du Commerce68400 RIEDISHEIM SIRET : 515 200 657 00010 Propri\u00e9t\u00e9 intellectuelle : Les contenus du site sont une \u0153uvre de cr\u00e9ation de Luc Bouchard et font l&rsquo;objet d&rsquo;une protection par le Code de&hellip; Lire la suite\" \/>\n<meta property=\"og:url\" content=\"https:\/\/io2s.fr\/formations\/mentions-legales\/\" \/>\n<meta property=\"og:site_name\" content=\"Luc Bouchard\" \/>\n<meta property=\"article:modified_time\" content=\"2025-04-24T06:25:50+00:00\" \/>\n<meta property=\"og:image\" content=\"https:\/\/io2s.fr\/formations\/wp-content\/uploads\/elementor\/thumbs\/autonomia-r4ruz7bjgb69c3xnkgy0dqg0vjqet5rynx1w2ophfu.png\" \/>\n<meta name=\"twitter:card\" content=\"summary_large_image\" \/>\n<script type=\"application\/ld+json\" class=\"yoast-schema-graph\">{\"@context\":\"https:\\\/\\\/schema.org\",\"@graph\":[{\"@type\":[\"WebPage\",\"CheckoutPage\"],\"@id\":\"https:\\\/\\\/io2s.fr\\\/formations\\\/mentions-legales\\\/\",\"url\":\"https:\\\/\\\/io2s.fr\\\/formations\\\/mentions-legales\\\/\",\"name\":\"Mentions l\u00e9gales - Luc Bouchard\",\"isPartOf\":{\"@id\":\"https:\\\/\\\/io2s.fr\\\/formations\\\/#website\"},\"primaryImageOfPage\":{\"@id\":\"https:\\\/\\\/io2s.fr\\\/formations\\\/mentions-legales\\\/#primaryimage\"},\"image\":{\"@id\":\"https:\\\/\\\/io2s.fr\\\/formations\\\/mentions-legales\\\/#primaryimage\"},\"thumbnailUrl\":\"https:\\\/\\\/io2s.fr\\\/formations\\\/wp-content\\\/uploads\\\/elementor\\\/thumbs\\\/autonomia-r4ruz7bjgb69c3xnkgy0dqg0vjqet5rynx1w2ophfu.png\",\"datePublished\":\"2025-04-23T09:19:07+00:00\",\"dateModified\":\"2025-04-24T06:25:50+00:00\",\"breadcrumb\":{\"@id\":\"https:\\\/\\\/io2s.fr\\\/formations\\\/mentions-legales\\\/#breadcrumb\"},\"inLanguage\":\"fr-FR\",\"potentialAction\":[{\"@type\":\"ReadAction\",\"target\":[\"https:\\\/\\\/io2s.fr\\\/formations\\\/mentions-legales\\\/\"]}]},{\"@type\":\"ImageObject\",\"inLanguage\":\"fr-FR\",\"@id\":\"https:\\\/\\\/io2s.fr\\\/formations\\\/mentions-legales\\\/#primaryimage\",\"url\":\"https:\\\/\\\/io2s.fr\\\/formations\\\/wp-content\\\/uploads\\\/elementor\\\/thumbs\\\/autonomia-r4ruz7bjgb69c3xnkgy0dqg0vjqet5rynx1w2ophfu.png\",\"contentUrl\":\"https:\\\/\\\/io2s.fr\\\/formations\\\/wp-content\\\/uploads\\\/elementor\\\/thumbs\\\/autonomia-r4ruz7bjgb69c3xnkgy0dqg0vjqet5rynx1w2ophfu.png\"},{\"@type\":\"BreadcrumbList\",\"@id\":\"https:\\\/\\\/io2s.fr\\\/formations\\\/mentions-legales\\\/#breadcrumb\",\"itemListElement\":[{\"@type\":\"ListItem\",\"position\":1,\"name\":\"Accueil\",\"item\":\"https:\\\/\\\/io2s.fr\\\/formations\\\/\"},{\"@type\":\"ListItem\",\"position\":2,\"name\":\"Mentions l\u00e9gales\"}]},{\"@type\":\"WebSite\",\"@id\":\"https:\\\/\\\/io2s.fr\\\/formations\\\/#website\",\"url\":\"https:\\\/\\\/io2s.fr\\\/formations\\\/\",\"name\":\"Luc Bouchard\",\"description\":\"Cr\u00e9ation de formations sur mesure\",\"publisher\":{\"@id\":\"https:\\\/\\\/io2s.fr\\\/formations\\\/#\\\/schema\\\/person\\\/1bd28d81a4cabb2a8b6db2238489c5c0\"},\"alternateName\":\"io2s.fr\",\"potentialAction\":[{\"@type\":\"SearchAction\",\"target\":{\"@type\":\"EntryPoint\",\"urlTemplate\":\"https:\\\/\\\/io2s.fr\\\/formations\\\/?s={search_term_string}\"},\"query-input\":{\"@type\":\"PropertyValueSpecification\",\"valueRequired\":true,\"valueName\":\"search_term_string\"}}],\"inLanguage\":\"fr-FR\"},{\"@type\":[\"Person\",\"Organization\"],\"@id\":\"https:\\\/\\\/io2s.fr\\\/formations\\\/#\\\/schema\\\/person\\\/1bd28d81a4cabb2a8b6db2238489c5c0\",\"name\":\"Luc Bouchard\",\"image\":{\"@type\":\"ImageObject\",\"inLanguage\":\"fr-FR\",\"@id\":\"https:\\\/\\\/io2s.fr\\\/formations\\\/wp-content\\\/uploads\\\/2025\\\/04\\\/LucBouchard-2-280x300-1.png\",\"url\":\"https:\\\/\\\/io2s.fr\\\/formations\\\/wp-content\\\/uploads\\\/2025\\\/04\\\/LucBouchard-2-280x300-1.png\",\"contentUrl\":\"https:\\\/\\\/io2s.fr\\\/formations\\\/wp-content\\\/uploads\\\/2025\\\/04\\\/LucBouchard-2-280x300-1.png\",\"width\":280,\"height\":300,\"caption\":\"Luc Bouchard\"},\"logo\":{\"@id\":\"https:\\\/\\\/io2s.fr\\\/formations\\\/wp-content\\\/uploads\\\/2025\\\/04\\\/LucBouchard-2-280x300-1.png\"},\"sameAs\":[\"https:\\\/\\\/io2s.fr\\\/formations\",\"www.linkedin.com\\\/in\\\/luc-bouchard-387567104\"]}]}<\/script>\n<!-- \/ Yoast SEO plugin. -->","yoast_head_json":{"title":"Mentions l\u00e9gales - Luc Bouchard","robots":{"index":"index","follow":"follow","max-snippet":"max-snippet:-1","max-image-preview":"max-image-preview:large","max-video-preview":"max-video-preview:-1"},"canonical":"https:\/\/io2s.fr\/formations\/mentions-legales\/","og_locale":"fr_FR","og_type":"article","og_title":"Mentions l\u00e9gales - Luc Bouchard","og_description":"Prestataire : Luc Bouchard Mail : contact@io2s.fr T\u00e9l\u00e9phone : +33 (0)769 604 509 Portage Entrepreneurial effectu\u00e9 par : AUTONOMIA S.A.S. 18 rue du Commerce68400 RIEDISHEIM SIRET : 515 200 657 00010 Propri\u00e9t\u00e9 intellectuelle : Les contenus du site sont une \u0153uvre de cr\u00e9ation de Luc Bouchard et font l&rsquo;objet d&rsquo;une protection par le Code de&hellip; Lire la suite","og_url":"https:\/\/io2s.fr\/formations\/mentions-legales\/","og_site_name":"Luc Bouchard","article_modified_time":"2025-04-24T06:25:50+00:00","og_image":[{"url":"https:\/\/io2s.fr\/formations\/wp-content\/uploads\/elementor\/thumbs\/autonomia-r4ruz7bjgb69c3xnkgy0dqg0vjqet5rynx1w2ophfu.png","type":"","width":"","height":""}],"twitter_card":"summary_large_image","schema":{"@context":"https:\/\/schema.org","@graph":[{"@type":["WebPage","CheckoutPage"],"@id":"https:\/\/io2s.fr\/formations\/mentions-legales\/","url":"https:\/\/io2s.fr\/formations\/mentions-legales\/","name":"Mentions l\u00e9gales - Luc Bouchard","isPartOf":{"@id":"https:\/\/io2s.fr\/formations\/#website"},"primaryImageOfPage":{"@id":"https:\/\/io2s.fr\/formations\/mentions-legales\/#primaryimage"},"image":{"@id":"https:\/\/io2s.fr\/formations\/mentions-legales\/#primaryimage"},"thumbnailUrl":"https:\/\/io2s.fr\/formations\/wp-content\/uploads\/elementor\/thumbs\/autonomia-r4ruz7bjgb69c3xnkgy0dqg0vjqet5rynx1w2ophfu.png","datePublished":"2025-04-23T09:19:07+00:00","dateModified":"2025-04-24T06:25:50+00:00","breadcrumb":{"@id":"https:\/\/io2s.fr\/formations\/mentions-legales\/#breadcrumb"},"inLanguage":"fr-FR","potentialAction":[{"@type":"ReadAction","target":["https:\/\/io2s.fr\/formations\/mentions-legales\/"]}]},{"@type":"ImageObject","inLanguage":"fr-FR","@id":"https:\/\/io2s.fr\/formations\/mentions-legales\/#primaryimage","url":"https:\/\/io2s.fr\/formations\/wp-content\/uploads\/elementor\/thumbs\/autonomia-r4ruz7bjgb69c3xnkgy0dqg0vjqet5rynx1w2ophfu.png","contentUrl":"https:\/\/io2s.fr\/formations\/wp-content\/uploads\/elementor\/thumbs\/autonomia-r4ruz7bjgb69c3xnkgy0dqg0vjqet5rynx1w2ophfu.png"},{"@type":"BreadcrumbList","@id":"https:\/\/io2s.fr\/formations\/mentions-legales\/#breadcrumb","itemListElement":[{"@type":"ListItem","position":1,"name":"Accueil","item":"https:\/\/io2s.fr\/formations\/"},{"@type":"ListItem","position":2,"name":"Mentions l\u00e9gales"}]},{"@type":"WebSite","@id":"https:\/\/io2s.fr\/formations\/#website","url":"https:\/\/io2s.fr\/formations\/","name":"Luc Bouchard","description":"Cr\u00e9ation de formations sur mesure","publisher":{"@id":"https:\/\/io2s.fr\/formations\/#\/schema\/person\/1bd28d81a4cabb2a8b6db2238489c5c0"},"alternateName":"io2s.fr","potentialAction":[{"@type":"SearchAction","target":{"@type":"EntryPoint","urlTemplate":"https:\/\/io2s.fr\/formations\/?s={search_term_string}"},"query-input":{"@type":"PropertyValueSpecification","valueRequired":true,"valueName":"search_term_string"}}],"inLanguage":"fr-FR"},{"@type":["Person","Organization"],"@id":"https:\/\/io2s.fr\/formations\/#\/schema\/person\/1bd28d81a4cabb2a8b6db2238489c5c0","name":"Luc Bouchard","image":{"@type":"ImageObject","inLanguage":"fr-FR","@id":"https:\/\/io2s.fr\/formations\/wp-content\/uploads\/2025\/04\/LucBouchard-2-280x300-1.png","url":"https:\/\/io2s.fr\/formations\/wp-content\/uploads\/2025\/04\/LucBouchard-2-280x300-1.png","contentUrl":"https:\/\/io2s.fr\/formations\/wp-content\/uploads\/2025\/04\/LucBouchard-2-280x300-1.png","width":280,"height":300,"caption":"Luc Bouchard"},"logo":{"@id":"https:\/\/io2s.fr\/formations\/wp-content\/uploads\/2025\/04\/LucBouchard-2-280x300-1.png"},"sameAs":["https:\/\/io2s.fr\/formations","www.linkedin.com\/in\/luc-bouchard-387567104"]}]}},"_links":{"self":[{"href":"https:\/\/io2s.fr\/formations\/wp-json\/wp\/v2\/pages\/459","targetHints":{"allow":["GET"]}}],"collection":[{"href":"https:\/\/io2s.fr\/formations\/wp-json\/wp\/v2\/pages"}],"about":[{"href":"https:\/\/io2s.fr\/formations\/wp-json\/wp\/v2\/types\/page"}],"author":[{"embeddable":true,"href":"https:\/\/io2s.fr\/formations\/wp-json\/wp\/v2\/users\/1"}],"replies":[{"embeddable":true,"href":"https:\/\/io2s.fr\/formations\/wp-json\/wp\/v2\/comments?post=459"}],"version-history":[{"count":10,"href":"https:\/\/io2s.fr\/formations\/wp-json\/wp\/v2\/pages\/459\/revisions"}],"predecessor-version":[{"id":470,"href":"https:\/\/io2s.fr\/formations\/wp-json\/wp\/v2\/pages\/459\/revisions\/470"}],"wp:attachment":[{"href":"https:\/\/io2s.fr\/formations\/wp-json\/wp\/v2\/media?parent=459"}],"curies":[{"name":"wp","href":"https:\/\/api.w.org\/{rel}","templated":true}]}}